{"id":194,"date":"2020-02-26T01:45:20","date_gmt":"2020-02-26T01:45:20","guid":{"rendered":"http:\/\/192.168.0.19\/wp\/mw\/?page_id=194"},"modified":"2021-10-26T19:15:12","modified_gmt":"2021-10-26T17:15:12","slug":"careers","status":"publish","type":"page","link":"https:\/\/meanwave.com\/de\/careers\/","title":{"rendered":"careers"},"content":{"rendered":"<!-- CAREER INTRO STARTS HERE -->\r\n\t<section class=\"careers-intro nospace\" id=\"careers-intro\">\r\n\r\n\t\t<div class=\"careers-intro\">\r\n\t\t\t<div class=\"section-header\">\r\n\t\t\t\t<div class=\"section-bgimg\"><div class=\"section-img-bg\"><\/div><\/div>\r\n\t\t\t\t<div class=\"headline-tag sirm center blue open-sans\" style=\"   bottom:1rem;\"> \r\n\t\t\t\t\t<h1 class=\"headline\" style=\"font-size:2em; font-weight:600;\">\r\n\t\t\t\t\t\t<span><span class=\"hdl-txt\">Work with us to transform<\/span><span class=\"hdl-bg\" style=\"opacity:0.8\"><\/span><\/span>\r\n\t\t\t\t\t\t<span><span class=\"hdl-txt\">an industry<\/span><span class=\"hdl-bg\" style=\"opacity:0.8\"><\/span><\/span>\r\n\t\t\t\t\t\t\r\n\t\t\t\t\t\t\r\n\t\t\t\t\t<\/h1>\r\n\t\t\t\t<\/div>\r\n\t\t\t<\/div>\r\n\t\t<\/div>\r\n\t\t<!-- backTo block -->\r\n\t\t<div class=\"container\">\r\n\t\t<a class=\"page-backto-link  WinBack\"><i class=\"material-icons\">arrow_back<\/i>Zur\u00fcck<\/a>\r\n\t\t<\/div>\r\n\t\t<!-- backTo block end -->\r\n\r\n\t    <div class=\"open-roles container\">\r\n\t\t\t<div class=\"row\">\r\n\t\t\t\t<!-- section header -->\t\t\t\r\n\t\t\t\t<div class=\"col-12\">\r\n\t\t\t\t\t<!-- header badge \r\n\t\t\t\t\t<div class=\"title-badge\">Careers @Meanwave<\/div>\r\n\t\t\t\t\t-->\r\n\t\t\t\t\t<!-- intro -->\r\n\t\t\t\t\t<p class=\"section-text\">\r\n\t\t\t        \tWir suchen die kl\u00fcgsten und ehrgeizigsten K\u00f6pfe, die uns bei der Entwicklung unserer innovativen, branchenver\u00e4ndernden Technologie unterst\u00fctzen. Alle aus unserem Team leisten unabh\u00e4ngig von ihrer Rolle einen immens wichtigen Beitrag zum Gesamterfolg. Es ist eine aufregende und schnelllebige Umgebung, die viel Erfahrung und Abwechslung bietet \u2013 wo jeder eine Stimme hat und etwas bewirken kann.\r\n\t\t\t        <\/p>\r\n<p class=\"translation-block\"><p>Wenn Sie <strong>Student<\/strong> sind, dann sollten Sie einen Blick auf unsere aktuellen <a href=\"https:\/\/meanwave.com\/de\/careers\/students\">Forschungsthemen f\u00fcr Studien- und Abschlussarbeiten<\/a> werfen.<\/p><\/p>\r\n\r\n\t\t        \t<!-- post title -->\r\n\t\t        \t<h2 class=\"section-subtitle\">Aktuelle Stellenangebote<sup>*<\/sup><\/h2>\r\n\r\n\t\t\t    <\/div>\r\n\t\t\t<\/div>\r\n\t\t<\/div>\r\n\t<\/section>\r\n\r\n\r\n\r\n<section class='open-roles nospace' id='open-roles'>\r\n    <div class=\"container\">\r\n    \t<div class=\"row\">\r\n\t\t\t<!-- open positions -->\t\t\t\r\n\t\t\t<div class=\"col-12 open-roles\">\r\n\t        \t<!-- posted articles -->\r\n\t        \t<div id=\"primary\" class=\"open-roles-content\"> <!-- wp -->\r\n\r\n\r\n\t\t\t\t\t<article id=\"no-post\" class=\"post\">\r\n\t\t\t\t\t\t<div class=\"row\">\r\n\t\t\t\t\t\t\t<div class=\"col-12\">\r\n\t\t\t\t\t\t\t\t<!-- no avail headliner -->\r\n\t\t\t\t\t\t\t\t<p>Derzeit sind keine speziellen Stellen verf\u00fcgbar.<\/p>\r\n\r\n\t\t\t\t\t\t\t\t<p>Wir sind jedoch immer auf der Suche nach gro\u00dfartigen Teamworkern, die innovativ, neugierig, leidenschaftlich und engagiert sind. Wenn Sie sich angesprochen f\u00fchlen, w\u00fcrden wir uns \u00fcber Ihre Kontaktaufnahme freuen. Sie k\u00f6nnen aber auch einfach bald wieder vorbeischauen, da in unserem schnell wachsenden Bereich sich st\u00e4ndig neue M\u00f6glichkeiten er\u00f6ffnen.<\/p>\r\n\r\n\t\t\t\t\t\t\t\t<!-- submit research ideas -->\r\n\t\t\t\t\t\t\t\t<p>In der Zwischenzeit k\u00f6nnen Sie gerne Ihren Lebenslauf an&nbsp;<a href=\"mailto:info@meanwave.com\">info@meanwave.com<\/a> senden.<\/p>\r\n\t\t\t\t\t\t\t<\/div>\r\n\t\t\t\t\t\t<\/div>\r\n\t\t\t\t\t<\/article>\r\n\r\n\r\n\t\t\t\t<\/div>\r\n\t\t\t<\/div>\r\n\t\t<\/div>\r\n\t<\/div>\r\n<\/section>\r\n\r\n\r\n\r\n<section class=\"nospace\">\r\n\t\t<!-- section notes -->\t\t\t\r\n\t\t<div class=\"container\">\r\n\t\t\t<div class=\"row\">\r\n\t\t\t\t<div class=\"col-12 section-notes\">\t\t\t        \t\t\r\n\t\t\t        <p><small>* F\u00fcr eine Anstellung in Deutschland: Bewerberinnen und Bewerber aus EU-Mitgliedsstaaten ben\u00f6tigen eventuell eine Arbeitserlaubnis. Personen aus Nicht-EU-L\u00e4ndern ben\u00f6tigen f\u00fcr Deutschland eine Aufenthaltserlaubnis und eine Arbeitserlaubnis.<\/small><\/p>\r\n\t\r\n\t\t\t\t\t<!-- agency deisclaimer -->\r\n\t\t\t\t\t<p class=\"translation-block\"><strong>Personalvermittlungsagenturen<\/strong> \u2013 Wir bitten Sie Lebensl\u00e4ufe nicht unaufgefordert an uns zu \u00fcbermitteln - es sei denn, dies wurde im Vorfeld vereinbart. Andernfalls behalten wir uns das Recht vor, die Bewerberin oder den Bewerber, unter Ausschluss Ihrer Allgemeinen Gesch\u00e4ftsbedingungen, direkt zu kontaktieren.<\/p>\r\n\t\t\t    <\/div>\r\n\t\t\t<\/div>\r\n\t\t<\/div>\r\n\t<\/section>\r\n\r\n\r\n\r\n<!-- OTHER CAREER SECTIONS STARTS HERE -->\r\n\t<section class=\"testimonials slim\">\r\n\t\t<div class=\"title-badge text-center mx-auto\">Wie ist es bei Meanwave zu arbeiten?<\/div>\r\n\t\t<!-- SECTIONS EMPLOYEE-TESTIMONIAL-1 STARTS HERE -->\r\n\t\t<section class=\"empl-testimon left light slim\">\r\n\t\t    <div class=\"container\">\r\n\t\t\t\t<div class=\"row\">\r\n\t\t\t\t\t<div class=\"col-12\">\r\n\t\t\r\n\t\t\t\t\t\t<div class=\"container quote-wrap\">\r\n\t\t\r\n\t\t\t\t\t\t\t<div class=\"row\">\r\n\t\t\t\t\t\t\t\t<div class=\"col-sm-12 col-md-6 quote-left order-0 order-md-0\">\r\n\t\t\t\t\t\t\t\t\t<div class=\"empl-testimon-img empl-testimon-img-01\"><div class=\"empl-testimon-bg\"><\/div><\/div>\r\n\t\t\t\t\t\t\t\t\t<div class=\"quote-bubble\"><\/div>\r\n\t\t\t\t\t\t\t\t<\/div>\r\n\t\t\r\n\t\t\t\t\t\t\t\t<div class=\"col-sm-12 col-md-6 quote-right order-1 order-md-1\" data-aos=\"slide-left\">\r\n\t\t\t\t\t\t\t\t\t<p class=\"quote-text\">Ich arbeite im Labor st\u00e4ndig an aufregenden Projekten. Softwareentwickler einer Spitzentechnologie bei Meanwave zu sein \u2013 das ist f\u00fcr mich eine gro\u00dfartige Erfahrung! Ich bin gl\u00fccklich, Teil einer Organisation zu sein, die unglaublich schnell w\u00e4chst und dabei keine Kompromisse bei Qualit\u00e4t und Prozessen eingeht.<\/p>\r\n\t\t\t\t\t\t\t\t\t<p class=\"quote-name\">Manuel, Softwareentwickler<\/p>\r\n\t\t\t\t\t\t\t\t\t<div class=\"quote-line\"> <\/div>\r\n\t\t\t\t\t\t\t\t\t<div class=\"quote-bubble mobile-only\"> <\/div>\r\n\t\t\t\t\t\t\t\t<\/div>\r\n\t\t\t\t\t\t\t<\/div>\r\n\t\t\r\n\t\t\t\t\t\t<\/div>\r\n\t\t\t\t\t<\/div>\r\n\t\t\t\t<\/div>\r\n\t\t     <\/div>\r\n\t\t\r\n\t\t<\/section>\r\n\t\t<!-- SECTIONS EMPLOYEE-TESTIMONIAL-1 ENDS HERE -->\t\t<!-- SECTIONS EMPLOYEE-TESTIMONIAL-2 STARTS HERE -->\r\n\t\t<section class=\"empl-testimon right light slim\">\r\n\t\t    <div class=\"container\">\t\r\n\t\t\t\t<div class=\"row\">\r\n\t\t\t\t\t<div class=\"col-12\">\r\n\t\t\r\n\t\t\t\t\t\t<div class=\"container quote-wrap\">\r\n\t\t\r\n\t\t\t\t\t\t\t<div class=\"row\">\r\n\t\t\t\t\t\t\t\t<div class=\"col-sm-12 col-md-6 quote-left order-1 order-md-0\" data-aos=\"slide-right\">\r\n\t\t\t\t\t\t\t\t\t<p class=\"quote-text\">Es macht wirklich Spa\u00df, in einem so innovativen und dynamischen Umfeld zu arbeiten und sich selbst dabei immer weiter zu entwickeln. Meanwave leistet bei der Entwicklung neuartiger Energietechnik Pionierarbeit und t\u00e4glich wird mir bewusst, dass ich mit Teil dieses Abenteuers bin und meine Arbeit hier wirklich etwas wert ist.<\/p>\r\n\t\t\t\t\t\t\t\t\t<p class=\"quote-name\">Felix, Ingenieur<\/p>\r\n\t\t\t\t\t\t\t\t\t<div class=\"quote-line\"> <\/div>\r\n\t\t\t\t\t\t\t\t\t<div class=\"quote-bubble mobile-only\"><\/div>\r\n\t\t\t\t\t\t\t\t<\/div>\r\n\t\t\r\n\t\t\t\t\t\t\t\t<div class=\"col-sm-12 col-md-6 quote-right order-0 order-md-1\">\r\n\t\t\t\t\t\t\t\t\t<div class=\"empl-testimon-img empl-testimon-img-02\"><div class=\"empl-testimon-bg\"><\/div><\/div>\r\n\t\t\t\t\t\t\t\t\t<div class=\"quote-bubble\"> <\/div>\r\n\t\t\t\t\t\t\t\t<\/div>\r\n\t\t\t\t\t\t\t<\/div>\r\n\t\t\r\n\t\t\t\t\t\t<\/div>\r\n\t\t\t\t\t<\/div>\r\n\t\t\t\t<\/div>\r\n\t\t     <\/div>\r\n\t\t\r\n\t\t<\/section>\r\n\t\t<!-- SECTIONS EMPLOYEE-TESTIMONIAL-2 ENDS HERE -->\t\r\n    <\/section>","protected":false},"excerpt":{"rendered":"<p>Work with us to transform an industry arrow_backBack We are looking for the bright and ambitious to help us develop our innovative, industry changing technology. All our team, regardless of their role, make an important contribution to our success. It\u2019s an exciting and fast paced environment, offering great experience and variety &#8211; where everyone has [&hellip;]<\/p>","protected":false},"author":1,"featured_media":0,"parent":0,"menu_order":0,"comment_status":"closed","ping_status":"closed","template":"page-templates\/page-standard.php","meta":{"footnotes":""},"class_list":["post-194","page","type-page","status-publish","hentry"],"_links":{"self":[{"href":"https:\/\/meanwave.com\/de\/wp-json\/wp\/v2\/pages\/194","targetHints":{"allow":["GET"]}}],"collection":[{"href":"https:\/\/meanwave.com\/de\/wp-json\/wp\/v2\/pages"}],"about":[{"href":"https:\/\/meanwave.com\/de\/wp-json\/wp\/v2\/types\/page"}],"author":[{"embeddable":true,"href":"https:\/\/meanwave.com\/de\/wp-json\/wp\/v2\/users\/1"}],"replies":[{"embeddable":true,"href":"https:\/\/meanwave.com\/de\/wp-json\/wp\/v2\/comments?post=194"}],"version-history":[{"count":44,"href":"https:\/\/meanwave.com\/de\/wp-json\/wp\/v2\/pages\/194\/revisions"}],"predecessor-version":[{"id":2016,"href":"https:\/\/meanwave.com\/de\/wp-json\/wp\/v2\/pages\/194\/revisions\/2016"}],"wp:attachment":[{"href":"https:\/\/meanwave.com\/de\/wp-json\/wp\/v2\/media?parent=194"}],"curies":[{"name":"wp","href":"https:\/\/api.w.org\/{rel}","templated":true}]}}