{"id":163,"date":"2020-02-24T20:22:27","date_gmt":"2020-02-24T20:22:27","guid":{"rendered":"http:\/\/192.168.0.19\/wp\/mw\/?page_id=163"},"modified":"2020-04-11T23:05:16","modified_gmt":"2020-04-11T21:05:16","slug":"home-solutions","status":"publish","type":"page","link":"https:\/\/meanwave.com\/de\/home-solutions\/","title":{"rendered":"home-solutions"},"content":{"rendered":"<!-- SECTION solutions STARTS HERE -->\n<section class=\"section-solutions\" id=\"solutions\"> <!-- slim -->\n    \n    <div class=\"container\">\n    \t<!-- section intro content -->\n\t\t<div class=\"row\">\n\t\t\t<div class=\"col-12 solutions-intro\">\n\n\t\t\t\t<h2 class=\"section-title text-left mx-auto\">Solutions for <span class=\"lb-sx lb-sxx\">Power Quality<\/span><\/h2>\n\n\t\t\t\t<p class=\"section-text text-left mx-auto translation-block\">Unsere Produkte erm\u00f6glichen es Kunden auf der ganzen Welt, Kosten aufgrund schlechter Netzqualit\u00e4t zu eliminieren sowie die Produktivit\u00e4t und Wertsch\u00f6pfung ihrer elektrischen Netze zu verbessern. Das aktuelle Portfolio besteht aus <strong>Power Conditioner Produkten und Systemen<\/strong>, <strong>kundenspezifischen L\u00f6sungen<\/strong> zur Steigerung der Energieeffizienz f\u00fcr <strong>LVDC<\/strong>, <strong>Energiespeicher Systemen<\/strong>, Ma\u00dfnahmen zur Lastspitzennivellierung sowie erstklassigen <strong>Expertendienstleistungen<\/strong>.<\/p>\n\n\t\t\t<\/div>\n\t\t<\/div>\n\n\n\t\t<!-- section product content -->\n\t\t<div class=\"row\">\n\t\t\t<div class=\"col-lg-4 col-md-6 col-12 solutions-prod\" data-aos=\"slide-up\">\n\n\t\t\t\t<div class=\"section-solutions-img\">\n\t\t\t\t\t<div class=\"section-solutions-bg\"><\/div>\n\t\t\t\t<\/div>\n\n\t\t\t\t<h5 class=\"section-subtitle text-left mx-auto\">Power Conditioners<\/h5>\n\n\t\t\t\t<p>Unsere PQi Family modularer Power Conditioner Systeme bietet eine beispiellose Funktionalit\u00e4t und Performance um s\u00e4mtliche Power Quality Herausforderungen vom Niederfrequenzbereich bis hin zu Supraharmonischen zu meistern. Und das mit einem Minimum an Aufwand f\u00fcr Installation und Setup. Wir sind Simplification!<\/p>\n\t\t\t\t<!-- text tag start -->\n\t\t\t\t<a href=\"\/de\/#contact\" scroll-href=\"\" target=\"_self\" class=\"link-tag\" style=\"color:#263238\" rel=\"noopener noreferrer\">\n\t\t\t\t\t<span class=\"link-tag-btn-text\">Kontaktieren Sie uns<\/span>\n\t\t\t\t\t<span class=\"link-tag-icon\">\n\t\t\t\t\t\t<i class=\"material-icons\">arrow_forward_ios<\/i>\n\t\t\t\t\t<\/span>\n\t\t\t\t<\/a>\n\t\t\t\t<!-- text tag end -->\n\t\t\t\t\n\n\t\t\t<\/div>\n\n\t\t\t<!-- section custom content -->\n\t\t\t<div class=\"col-lg-4 col-md-6 col-12 solutions-custom\" data-aos=\"slide-up\" data-aos-delay=\"200\">\n\n\t\t\t\t<!--<div class=\"section-solutions-img\"><div class=\"section-solutions-02-img\"><\/div><\/div>-->\n\n\t\t\t\t<div class=\"section-solutions-img\">\n\t\t\t\t\t<div class=\"section-solutions-bg\"><\/div>\n\t\t\t\t<\/div>\n\n\t\t\t\t<h5 class=\"section-subtitle text-left mx-auto\">Custom Power Solutions<\/h5>\n\n\t\t\t\t<p>Wir bieten kundenspezifische und effiziente Stromversorgungsl\u00f6sungen mit keinerlei Netzr\u00fcckwirkungen, f\u00fcr Anwendungen in LVDC und Energiespeicherung.<\/p>\n\n\t\t\t\t<!-- text tag start -->\n\t\t\t\t<a href=\"\/de\/#contact\" scroll-href=\"\" target=\"_self\" class=\"link-tag\" style=\"color:#263238\" rel=\"noopener noreferrer\">\n\t\t\t\t\t<span class=\"link-tag-btn-text\">Kontaktieren Sie uns<\/span>\n\t\t\t\t\t<span class=\"link-tag-icon\">\n\t\t\t\t\t\t<i class=\"material-icons\">arrow_forward_ios<\/i>\n\t\t\t\t\t<\/span>\n\t\t\t\t<\/a>\n\t\t\t\t<!-- text tag end -->\n\t\t\t\t\n\n\t\t\t<\/div>\n\n\t\t\t<!-- section services content -->\n\t\t\t<div class=\"col-lg-4 col-md-6 col-12 solutions-services\" data-aos=\"slide-up\" data-aos-delay=\"400\">\n\n\t\t\t\t<div class=\"section-solutions-img\">\n\t\t\t\t\t<div class=\"section-solutions-bg\"><\/div>\n\t\t\t\t<\/div>\n\n\t\t\t\t<h5 class=\"section-subtitle text-left mx-auto\">Services<\/h5>\n\n\t\t\t\t<p>Unsere Experten sind behilflich bei Netzqualit\u00e4ts- und Problemanalysen sowie der Konzeption anspruchsvoller Stromversorgungsl\u00f6sungen.<\/p>\n\n\t\t\t\t<!-- text tag start -->\n\t\t\t\t<a href=\"\/de\/#contact\" scroll-href=\"\" target=\"_self\" class=\"link-tag\" style=\"color:#263238\" rel=\"noopener noreferrer\">\n\t\t\t\t\t<span class=\"link-tag-btn-text\">Kontaktieren Sie uns<\/span>\n\t\t\t\t\t<span class=\"link-tag-icon\">\n\t\t\t\t\t\t<i class=\"material-icons\">arrow_forward_ios<\/i>\n\t\t\t\t\t<\/span>\n\t\t\t\t<\/a>\n\t\t\t\t<!-- text tag end -->\n\t\t\t\t\n\n\t\t\t<\/div>\n\t\t<\/div>\n    <\/div>\n\n<\/section>\n<!-- SECTION solutions ENDS HERE -->","protected":false},"excerpt":{"rendered":"<p>Solutions for Power Quality Our offerings are empowering customers across the world to reduce cost of low power quality and improve productivity and value creation in their networks. The current portfolio consists of Power conditioner products and systems, Custom power efficiency solutions for LVDC and energy storage\/peak-management, and world class expert services. Power conditioners Our [&hellip;]<\/p>","protected":false},"author":1,"featured_media":0,"parent":0,"menu_order":0,"comment_status":"closed","ping_status":"closed","template":"","meta":{"footnotes":""},"class_list":["post-163","page","type-page","status-publish","hentry"],"_links":{"self":[{"href":"https:\/\/meanwave.com\/de\/wp-json\/wp\/v2\/pages\/163","targetHints":{"allow":["GET"]}}],"collection":[{"href":"https:\/\/meanwave.com\/de\/wp-json\/wp\/v2\/pages"}],"about":[{"href":"https:\/\/meanwave.com\/de\/wp-json\/wp\/v2\/types\/page"}],"author":[{"embeddable":true,"href":"https:\/\/meanwave.com\/de\/wp-json\/wp\/v2\/users\/1"}],"replies":[{"embeddable":true,"href":"https:\/\/meanwave.com\/de\/wp-json\/wp\/v2\/comments?post=163"}],"version-history":[{"count":9,"href":"https:\/\/meanwave.com\/de\/wp-json\/wp\/v2\/pages\/163\/revisions"}],"predecessor-version":[{"id":1938,"href":"https:\/\/meanwave.com\/de\/wp-json\/wp\/v2\/pages\/163\/revisions\/1938"}],"wp:attachment":[{"href":"https:\/\/meanwave.com\/de\/wp-json\/wp\/v2\/media?parent=163"}],"curies":[{"name":"wp","href":"https:\/\/api.w.org\/{rel}","templated":true}]}}