{"id":102,"date":"2020-02-23T21:29:55","date_gmt":"2020-02-23T21:29:55","guid":{"rendered":"http:\/\/192.168.0.19\/wp\/mw\/?page_id=102"},"modified":"2023-09-14T07:35:33","modified_gmt":"2023-09-14T05:35:33","slug":"imprint","status":"publish","type":"page","link":"https:\/\/meanwave.com\/de\/imprint\/","title":{"rendered":"Rechtliche Hinweise"},"content":{"rendered":"<section id=\"section-impressum\" class=\"section-impressum page-section\">\r\n<div class=\"container\"><!-- section header -->\r\n<div class=\"text-center mx-auto\">\r\n<div class=\"title-badge\">MEANWAVE \u2013 LEGAL<\/div>\r\n<h2 class=\"section-title tight\">Rechtliche Hinweise (Impressum)<sup>*<\/sup><\/h2>\r\n<p><small><sup>*<\/sup>Angaben gem\u00e4\u00df \u00a7 5 TMG (\u201dTelemediengesetz\u201d)<\/small><\/p>\r\n<p class=\"text mb-4\">\u00a0<\/p>\r\n<\/div>\r\n<div class=\"row\">\r\n<div class=\"col-12\">\r\n<div class=\"row\">\r\n<div class=\"col-12\">\r\n<p class=\"translation-block\"><strong>Anbieter<\/strong><br>\n\t\t\t\t\t\tMeanwave GmbH<br>\n\t\t\t\t\t\tBreitscheidstra\u00dfe 44A<br>\n\t\t\t\t\t\tDE-70176&nbsp;Stuttgart<br>\n\t\t\t\t\t\tDeutschland<\/p>\r\n<p class=\"translation-block\"><strong>Kontaktinformationen<\/strong><br>Email: <a href=\"mailto:info@meanwave.com\">info@meanwave.com<\/a><br>Website: <a href=\"\/de\/\">meanwave.com<\/a><br>\nTel: +49 711 50877244<br>Fax: +49 711 50877267<br><\/p>\r\n<p class=\"translation-block\"><strong>Verantwortlicher gem\u00e4\u00df \u00a7 55 Abs.2 RStV<\/strong><br>\nBenjamin Wild<br>\nMeanwave GmbH<br>\nBreitscheidstra\u00dfe 44A<br>\nDE-70176&nbsp;Stuttgart<br>\nDeutschland<\/p>\r\n<p><strong>Vorstand<\/strong><br \/>Dr Peter Str\u00f6m (CEO), Benjamin Wild (COO)<\/p>\r\n<p><strong>Registergericht<\/strong><br \/>Amtsgericht Stuttgart,\u00a0HRB 745495<\/p>\r\n<p><strong>Umsatzsteuer-Identifikationsnummer (gem\u00e4\u00df \u00a7 27a Umsatzsteuergesetz)<\/strong><br \/>DE295337404<\/p>\r\n<h4>Haftungsausschlu\u00df<\/h4>\r\n<p><strong>Urheberrecht<\/strong><br \/>Die Webseiten der MEANWAVE GmbH (MEANWAVE) und ihre Inhalte sind urheberrechtlich gesch\u00fctzt und Eigentum der MEANWAVE GmbH, Breitscheidstra\u00dfe 44A, DE-70176 Stuttgart, Germany.<\/p>\r\n<p>Alle Rechte sind vorbehalten. Die Nutzungsrechte von auf den Webseiten verwendeten Werke liegen, sofern nicht anders angegeben, bei MEANWAVE. F\u00fcr nicht-kommerzielle Zwecke und f\u00fcr p\u00e4dagogische Zwecke gew\u00e4hrt MEANWAVE unter folgenden Bedingungen ein unentgeltliches, nicht-\u00fcbertragbares Nutzungsrecht: Geben Sie als Rechteinhaber die MEANWAVE sowie den Urheber des Werkes gut lesbar an. Beispiel: \"Bild: Name des Photographen, Bildrechte: MEANWAVE GmbH\". Eine \u00c4nderung der Werke ist von dem gew\u00e4hrten Nutzungsrecht nicht gedeckt. Eine Verwendung zu anderen Zwecken als den oben genannten oder zu kommerziellen Zwecken ist ohne vorherige Zustimmung der MEANWAVE nicht gestattet.<\/p>\r\n<p>Sollten Sie ein Werk f\u00fcr kommerzielle Zwecke (bspw. Werbung) ben\u00f6tigen, so wenden Sie sich bitte an info(at)meanwave.com. In diesem Fall ben\u00f6tigen wir schriftliche Informationen \u00fcber Ihr Vorhaben (per E-Mail) sowie einen Entwurf des Belegexemplars. Erst dann kann entschieden werden, ob MEANWAVE das entsprechende Werk zur Verf\u00fcgung stellen kann.<\/p>\r\n<p><strong>Handelsmarken\u00a0<\/strong><br \/>Wo nicht anders angegeben, sind alle auf den Internet-Seiten von MEANWAVE genannten Marken gesetzlich gesch\u00fctzte Warenzeichen von MEANWAVE, dies gilt insbesondere f\u00fcr die Produktmodellnamen und Firmenlogos.<\/p>\r\n<p><strong>Lizenzrechte\u00a0<\/strong><br \/>Durch diese Website wird keine Lizenz zur Nutzung des geistigen Eigentums (insb. Patente, Marken und Urheberrechte) von MEANWAVE oder von Dritten erteilt.<\/p>\r\n<p><strong>Verweise auf externe Web-Seiten<\/strong><br \/>MEANWAVE is a content provider according to \u00a7 7 Abs.1 TMG (\u201dTelemediengesetz\u201d). Therefore, MEANWAVE is legally responsible for its Own Content according to applicable German law. Own Content has to be distinguished from links to the content of other content providers. Those links are Foreign Content.\u00a0\u00a0Links are dynamic references. When linking to the reference. MEANWAVE has checked the Foreign Content. Nevertheless, MEANWAVE does not constantly check Foreign Content. If MEANWAVE notices or is informed that a website to which MEANWAVE has linked, contains illegal content, MEANWAVE will delete such a link.<\/p>\r\n<p><strong>Haftungsausschluss\u00a0<\/strong><br \/>Die MEANWAVE \u00fcbernimmt keine Haftung f\u00fcr Sch\u00e4den, die im  Zusammenhang mit jeglicher Nutzung ihrer Web-Seiten entstehen. Die Inhalte  werden nach M\u00f6glichkeit regelm\u00e4\u00dfig \u00fcberpr\u00fcft und auf einen aktuellen Stand  gebracht, eine Gew\u00e4hr f\u00fcr die Korrektheit kann aber in keinem Fall \u00fcbernommen  werden.<\/p>\r\n<!-- END VER2 --><\/div>\r\n<\/div>\r\n<\/div>\r\n<\/div>\r\n<\/div>\r\n<\/section>","protected":false},"excerpt":{"rendered":"<p>MEANWAVE \u2013 LEGAL Legal disclosure (Imprint)* *Information according to \u00a7 5 TMG (\u201dTelemediengesetz\u201d) \u00a0 ProviderMeanwave GmbHBreitscheidstra\u00dfe 44ADE-70176\u00a0StuttgartGermany Contact informationEmail: info@meanwave.comWebsite: meanwave.comTel: +49 711 50877244Fax: +49 711 50877267 Responsible according to \u00a7 55 Sec.2 RStVBenjamin WildMeanwave GmbHBreitscheidstra\u00dfe 44ADE-70176\u00a0StuttgartGermany Members of the Board of ManagementDr Peter Str\u00f6m (CEO), Benjamin Wild (COO) Commercial registerAmtsgericht Stuttgart,\u00a0HRB 745495 VAT registration [&hellip;]<\/p>","protected":false},"author":1,"featured_media":0,"parent":0,"menu_order":0,"comment_status":"closed","ping_status":"closed","template":"page-templates\/page-clean.php","meta":{"footnotes":""},"class_list":["post-102","page","type-page","status-publish","hentry"],"_links":{"self":[{"href":"https:\/\/meanwave.com\/de\/wp-json\/wp\/v2\/pages\/102","targetHints":{"allow":["GET"]}}],"collection":[{"href":"https:\/\/meanwave.com\/de\/wp-json\/wp\/v2\/pages"}],"about":[{"href":"https:\/\/meanwave.com\/de\/wp-json\/wp\/v2\/types\/page"}],"author":[{"embeddable":true,"href":"https:\/\/meanwave.com\/de\/wp-json\/wp\/v2\/users\/1"}],"replies":[{"embeddable":true,"href":"https:\/\/meanwave.com\/de\/wp-json\/wp\/v2\/comments?post=102"}],"version-history":[{"count":15,"href":"https:\/\/meanwave.com\/de\/wp-json\/wp\/v2\/pages\/102\/revisions"}],"predecessor-version":[{"id":2051,"href":"https:\/\/meanwave.com\/de\/wp-json\/wp\/v2\/pages\/102\/revisions\/2051"}],"wp:attachment":[{"href":"https:\/\/meanwave.com\/de\/wp-json\/wp\/v2\/media?parent=102"}],"curies":[{"name":"wp","href":"https:\/\/api.w.org\/{rel}","templated":true}]}}